{"id":1199,"date":"2022-10-10T13:01:48","date_gmt":"2022-10-10T11:01:48","guid":{"rendered":"https:\/\/i-rs.pl\/?page_id=1199"},"modified":"2025-07-06T18:51:42","modified_gmt":"2025-07-06T16:51:42","slug":"standaryzacja-i-certyfikaty","status":"publish","type":"page","link":"https:\/\/i-rs.pl\/en\/standaryzacja-i-certyfikaty\/","title":{"rendered":"STANDARDISATION AND CERTIFICATION"},"content":{"rendered":"<div data-elementor-type=\"wp-page\" data-elementor-id=\"1199\" class=\"elementor elementor-1199\" data-elementor-post-type=\"page\">\n\t\t\t\t\t\t<section class=\"elementor-section elementor-top-section elementor-element elementor-element-51286cfd elementor-section-content-bottom elementor-section-height-min-height elementor-section-boxed elementor-section-height-default elementor-section-items-middle\" data-id=\"51286cfd\" data-element_type=\"section\" data-e-type=\"section\" data-settings=\"{&quot;background_background&quot;:&quot;video&quot;,&quot;shape_divider_bottom&quot;:&quot;opacity-fan&quot;,&quot;background_video_link&quot;:&quot;https:\\\/\\\/i-rs.pl\\\/wp-content\\\/uploads\\\/2022\\\/10\\\/standaryzacja.mp4&quot;,&quot;background_play_on_mobile&quot;:&quot;yes&quot;}\">\n\t\t\t\t\t\t\t\t<div class=\"elementor-background-video-container\">\n\t\t\t\t\t\t\t\t\t\t\t\t\t<video class=\"elementor-background-video-hosted\" role=\"presentation\" autoplay muted playsinline loop><\/video>\n\t\t\t\t\t\t\t\t\t\t\t<\/div>\n\t\t\t\t\t\t\t\t\t<div class=\"elementor-background-overlay\"><\/div>\n\t\t\t\t\t\t<div class=\"elementor-shape elementor-shape-bottom\" aria-hidden=\"true\" data-negative=\"false\">\n\t\t\t<svg xmlns=\"http:\/\/www.w3.org\/2000\/svg\" viewbox=\"0 0 283.5 19.6\" preserveaspectratio=\"none\">\n\t<path class=\"elementor-shape-fill\" style=\"opacity:0.33\" d=\"M0 0L0 18.8 141.8 4.1 283.5 18.8 283.5 0z\"\/>\n\t<path class=\"elementor-shape-fill\" style=\"opacity:0.33\" d=\"M0 0L0 12.6 141.8 4 283.5 12.6 283.5 0z\"\/>\n\t<path class=\"elementor-shape-fill\" style=\"opacity:0.33\" d=\"M0 0L0 6.4 141.8 4 283.5 6.4 283.5 0z\"\/>\n\t<path class=\"elementor-shape-fill\" d=\"M0 0L0 1.2 141.8 4 283.5 1.2 283.5 0z\"\/>\n<\/svg>\t\t<\/div>\n\t\t\t\t\t<div class=\"elementor-container elementor-column-gap-default\">\n\t\t\t\t\t<div class=\"elementor-column elementor-col-100 elementor-top-column elementor-element elementor-element-2f9441c7\" data-id=\"2f9441c7\" data-element_type=\"column\" data-e-type=\"column\">\n\t\t\t<div class=\"elementor-widget-wrap elementor-element-populated\">\n\t\t\t\t\t\t<div class=\"elementor-element elementor-element-84cd4f1 animated-slow elementor-invisible elementor-widget elementor-widget-heading\" data-id=\"84cd4f1\" data-element_type=\"widget\" data-e-type=\"widget\" data-settings=\"{&quot;_animation&quot;:&quot;fadeIn&quot;}\" data-widget_type=\"heading.default\">\n\t\t\t\t<div class=\"elementor-widget-container\">\n\t\t\t\t\t<h2 class=\"elementor-heading-title elementor-size-default\">STANDARDISATION AND CERTIFICATION<\/h2>\t\t\t\t<\/div>\n\t\t\t\t<\/div>\n\t\t\t\t<div class=\"elementor-element elementor-element-322cd957 animated-slow elementor-widget-divider--view-line elementor-invisible elementor-widget elementor-widget-divider\" data-id=\"322cd957\" data-element_type=\"widget\" data-e-type=\"widget\" data-settings=\"{&quot;_animation&quot;:&quot;slideInRight&quot;}\" data-widget_type=\"divider.default\">\n\t\t\t\t<div class=\"elementor-widget-container\">\n\t\t\t\t\t\t\t<div class=\"elementor-divider\">\n\t\t\t<span class=\"elementor-divider-separator\">\n\t\t\t\t\t\t<\/span>\n\t\t<\/div>\n\t\t\t\t\t\t<\/div>\n\t\t\t\t<\/div>\n\t\t\t\t\t<\/div>\n\t\t<\/div>\n\t\t\t\t\t<\/div>\n\t\t<\/section>\n\t\t\t\t<section class=\"elementor-section elementor-top-section elementor-element elementor-element-1d3666a5 elementor-section-content-middle elementor-section-height-min-height elementor-section-items-stretch elementor-section-boxed elementor-section-height-default\" data-id=\"1d3666a5\" data-element_type=\"section\" data-e-type=\"section\">\n\t\t\t\t\t\t<div class=\"elementor-container elementor-column-gap-no\">\n\t\t\t\t\t<div class=\"elementor-column elementor-col-100 elementor-top-column elementor-element elementor-element-68afb768\" data-id=\"68afb768\" data-element_type=\"column\" data-e-type=\"column\">\n\t\t\t<div class=\"elementor-widget-wrap elementor-element-populated\">\n\t\t\t\t\t\t<div class=\"elementor-element elementor-element-2736d4c1 elementor-widget__width-initial elementor-absolute elementor-view-default elementor-widget elementor-widget-icon\" data-id=\"2736d4c1\" data-element_type=\"widget\" data-e-type=\"widget\" data-settings=\"{&quot;_position&quot;:&quot;absolute&quot;}\" data-widget_type=\"icon.default\">\n\t\t\t\t<div class=\"elementor-widget-container\">\n\t\t\t\t\t\t\t<div class=\"elementor-icon-wrapper\">\n\t\t\t<div class=\"elementor-icon\">\n\t\t\t<i aria-hidden=\"true\" class=\"far fa-square\"><\/i>\t\t\t<\/div>\n\t\t<\/div>\n\t\t\t\t\t\t<\/div>\n\t\t\t\t<\/div>\n\t\t\t\t<div class=\"elementor-element elementor-element-10101f23 elementor-widget elementor-widget-heading\" data-id=\"10101f23\" data-element_type=\"widget\" data-e-type=\"widget\" data-widget_type=\"heading.default\">\n\t\t\t\t<div class=\"elementor-widget-container\">\n\t\t\t\t\t<h2 class=\"elementor-heading-title elementor-size-default\">Quality based on standards<\/h2>\t\t\t\t<\/div>\n\t\t\t\t<\/div>\n\t\t\t\t<div class=\"elementor-element elementor-element-763055e0 elementor-widget-divider--view-line elementor-widget elementor-widget-divider\" data-id=\"763055e0\" data-element_type=\"widget\" data-e-type=\"widget\" data-widget_type=\"divider.default\">\n\t\t\t\t<div class=\"elementor-widget-container\">\n\t\t\t\t\t\t\t<div class=\"elementor-divider\">\n\t\t\t<span class=\"elementor-divider-separator\">\n\t\t\t\t\t\t<\/span>\n\t\t<\/div>\n\t\t\t\t\t\t<\/div>\n\t\t\t\t<\/div>\n\t\t\t\t<div class=\"elementor-element elementor-element-3fdb9910 elementor-widget elementor-widget-text-editor\" data-id=\"3fdb9910\" data-element_type=\"widget\" data-e-type=\"widget\" data-widget_type=\"text-editor.default\">\n\t\t\t\t<div class=\"elementor-widget-container\">\n\t\t\t\t\t\t\t\t\t<p>Naszym priorytetem jest nieustanne podnoszenie jako\u015bci \u015bwiadczonych us\u0142ug \u2013 dlatego wraz z ca\u0142ym zespo\u0142em &nbsp;adwokat\u00f3w i radc\u00f3w prawnych tworz\u0105cych Kancelari\u0119 do\u0142\u0105czamy do renomowanych program\u00f3w.<\/p>\n<p>Kancelaria w 2025 roku po raz kolejny uzyska\u0142a Certyfikat Etyki przyznawany przez Zwi\u0105zek Przedsi\u0119biorstw Finansowych w Polsce. Znale\u017ali\u015bmy si\u0119 w zaszczytnym gronie firm, kt\u00f3re pozytywnie przesz\u0142y audyt etyczny dokonywany przez Komisj\u0119 Etyki przy ZPF. Certyfikat Etyczny ZPF jest potwierdzeniem zgodno\u015bci praktyk biznesowych Kancelarii z <span style=\"color: #ffffff;\"><a style=\"color: #ffffff;\" href=\"https:\/\/zpf.pl\/pliki\/etyka\/ZPF_zasady_dobrych_praktyk_06.2023.pdf\" target=\"_blank\" rel=\"noopener\">ZPF Ethics Committee<\/a>.<\/span> The ZPF Certificate of Ethics attests to the compliance of the Firm\u2019s business practices with the ZPF Principles of Good Practice. Its value depends on the result of the assessment of our Business Partners and Clients. Having obtained a high rating in the survey, we continue the development of the financial and legal market in Poland.<\/p>\n<p>Kancelaria przyst\u0105pi\u0142a do Programu Firma Wiarygodna Finansowo BIG InfoMonitor S.A. Uzyskali\u015bmy Certyfikat Firmy Wiarygodnej Finansowo, kt\u00f3ry potwierdza, \u017ce jeste\u015bmy godnym zaufania partnerem biznesowym. Certyfikat Firmy Wiarygodnej Finansowo tworzy pozytywny wizerunek naszej dzia\u0142alno\u015bci, pozwala nam na dalszy dynamiczny rozw\u00f3j i wzmocnienie pozycji kancelarii na rynku. To tak\u017ce jednoznaczna informacja dla innych, \u017ce warto z nami wsp\u00f3\u0142pracowa\u0107.<\/p>\n<p>Rok 2025 to tak\u017ce &#8211; po raz kolejny &#8211; III miejsce w rankingu dziennika \u201eRzeczpospolita\u201d w kategorii Nowe Prawo. Mi\u0142o nam poinformowa\u0107, \u017ce ju\u017c po raz pi\u0105ty nasza kancelaria, zajmuje wysokie miejsca w tej kategorii, w kt\u00f3rej klasyfikowane s\u0105 kancelarie z wiod\u0105cymi specjalizacjami. W przypadku naszej kancelarii,&nbsp; wiod\u0105c\u0105 specjalizacj\u0105 jest zarz\u0105dzanie wierzytelno\u015bciami na wszystkich etapach, pocz\u0105wszy od etapu polubownego po s\u0105dowy i egzekucyjny, ze szczeg\u00f3lnym uwzgl\u0119dnieniem wierzytelno\u015bci z sektora finansowego.<\/p>\t\t\t\t\t\t\t\t<\/div>\n\t\t\t\t<\/div>\n\t\t\t\t<div class=\"elementor-element elementor-element-1a0f5140 elementor-widget elementor-widget-image\" data-id=\"1a0f5140\" data-element_type=\"widget\" data-e-type=\"widget\" data-widget_type=\"image.default\">\n\t\t\t\t<div class=\"elementor-widget-container\">\n\t\t\t\t\t\t\t\t\t\t\t\t\t\t\t<img fetchpriority=\"high\" decoding=\"async\" width=\"1200\" height=\"731\" src=\"https:\/\/i-rs.pl\/wp-content\/uploads\/2022\/10\/Zrzut-ekranu-2022-10-10-o-13.16.02-e1667390552862-1360x829.png\" class=\"attachment-large size-large wp-image-1209\" alt=\"\" srcset=\"https:\/\/i-rs.pl\/wp-content\/uploads\/2022\/10\/Zrzut-ekranu-2022-10-10-o-13.16.02-e1667390552862-1360x829.png 1360w, https:\/\/i-rs.pl\/wp-content\/uploads\/2022\/10\/Zrzut-ekranu-2022-10-10-o-13.16.02-e1667390552862-420x256.png 420w, https:\/\/i-rs.pl\/wp-content\/uploads\/2022\/10\/Zrzut-ekranu-2022-10-10-o-13.16.02-e1667390552862-768x468.png 768w, https:\/\/i-rs.pl\/wp-content\/uploads\/2022\/10\/Zrzut-ekranu-2022-10-10-o-13.16.02-e1667390552862-1536x936.png 1536w, https:\/\/i-rs.pl\/wp-content\/uploads\/2022\/10\/Zrzut-ekranu-2022-10-10-o-13.16.02-e1667390552862-2048x1248.png 2048w, https:\/\/i-rs.pl\/wp-content\/uploads\/2022\/10\/Zrzut-ekranu-2022-10-10-o-13.16.02-e1667390552862-18x12.png 18w\" sizes=\"(max-width: 1200px) 100vw, 1200px\" \/>\t\t\t\t\t\t\t\t\t\t\t\t\t\t\t<\/div>\n\t\t\t\t<\/div>\n\t\t\t\t\t<\/div>\n\t\t<\/div>\n\t\t\t\t\t<\/div>\n\t\t<\/section>\n\t\t\t\t<section class=\"elementor-section elementor-top-section elementor-element elementor-element-40ee3cc8 elementor-section-full_width elementor-section-content-middle elementor-section-height-default elementor-section-height-default\" data-id=\"40ee3cc8\" data-element_type=\"section\" data-e-type=\"section\" id=\"specjalizacje\">\n\t\t\t\t\t\t\t<div class=\"elementor-background-overlay\"><\/div>\n\t\t\t\t\t\t\t<div class=\"elementor-container elementor-column-gap-default\">\n\t\t\t\t\t<div class=\"elementor-column elementor-col-100 elementor-top-column elementor-element elementor-element-57ab8bc6\" data-id=\"57ab8bc6\" data-element_type=\"column\" data-e-type=\"column\">\n\t\t\t<div class=\"elementor-widget-wrap elementor-element-populated\">\n\t\t\t\t\t\t<div class=\"elementor-element elementor-element-46c8f79f elementor-widget__width-initial elementor-widget elementor-widget-spacer\" data-id=\"46c8f79f\" data-element_type=\"widget\" data-e-type=\"widget\" data-widget_type=\"spacer.default\">\n\t\t\t\t<div class=\"elementor-widget-container\">\n\t\t\t\t\t\t\t<div class=\"elementor-spacer\">\n\t\t\t<div class=\"elementor-spacer-inner\"><\/div>\n\t\t<\/div>\n\t\t\t\t\t\t<\/div>\n\t\t\t\t<\/div>\n\t\t\t\t<div class=\"elementor-element elementor-element-f0fae4b elementor-widget elementor-widget-heading\" data-id=\"f0fae4b\" data-element_type=\"widget\" data-e-type=\"widget\" data-widget_type=\"heading.default\">\n\t\t\t\t<div class=\"elementor-widget-container\">\n\t\t\t\t\t<h2 class=\"elementor-heading-title elementor-size-default\">Have a look at our certificates<\/h2>\t\t\t\t<\/div>\n\t\t\t\t<\/div>\n\t\t\t\t\t<\/div>\n\t\t<\/div>\n\t\t\t\t\t<\/div>\n\t\t<\/section>\n\t\t\t\t<section class=\"elementor-section elementor-top-section elementor-element elementor-element-39ec45f elementor-section-boxed elementor-section-height-default elementor-section-height-default\" data-id=\"39ec45f\" data-element_type=\"section\" data-e-type=\"section\">\n\t\t\t\t\t\t<div class=\"elementor-container elementor-column-gap-default\">\n\t\t\t\t\t<div class=\"elementor-column elementor-col-100 elementor-top-column elementor-element elementor-element-5d3fbb4\" data-id=\"5d3fbb4\" data-element_type=\"column\" data-e-type=\"column\">\n\t\t\t<div class=\"elementor-widget-wrap elementor-element-populated\">\n\t\t\t\t\t\t<div class=\"elementor-element elementor-element-36a70f3 elementor-arrows-position-inside elementor-pagination-position-outside elementor-widget elementor-widget-image-carousel\" data-id=\"36a70f3\" data-element_type=\"widget\" data-e-type=\"widget\" data-settings=\"{&quot;image_spacing_custom&quot;:{&quot;unit&quot;:&quot;px&quot;,&quot;size&quot;:88,&quot;sizes&quot;:[]},&quot;navigation&quot;:&quot;both&quot;,&quot;autoplay&quot;:&quot;yes&quot;,&quot;pause_on_hover&quot;:&quot;yes&quot;,&quot;pause_on_interaction&quot;:&quot;yes&quot;,&quot;autoplay_speed&quot;:5000,&quot;infinite&quot;:&quot;yes&quot;,&quot;speed&quot;:500,&quot;image_spacing_custom_tablet&quot;:{&quot;unit&quot;:&quot;px&quot;,&quot;size&quot;:&quot;&quot;,&quot;sizes&quot;:[]},&quot;image_spacing_custom_mobile&quot;:{&quot;unit&quot;:&quot;px&quot;,&quot;size&quot;:&quot;&quot;,&quot;sizes&quot;:[]}}\" data-widget_type=\"image-carousel.default\">\n\t\t\t\t<div class=\"elementor-widget-container\">\n\t\t\t\t\t\t\t<div class=\"elementor-image-carousel-wrapper swiper\" role=\"region\" aria-roledescription=\"carousel\" aria-label=\"Karuzela obrazk\u00f3w\" dir=\"ltr\">\n\t\t\t<div class=\"elementor-image-carousel swiper-wrapper\" aria-live=\"off\">\n\t\t\t\t\t\t\t\t<div class=\"swiper-slide\" role=\"group\" aria-roledescription=\"slide\" aria-label=\"1 of 8\"><a data-elementor-open-lightbox=\"yes\" data-elementor-lightbox-slideshow=\"36a70f3\" data-elementor-lightbox-title=\"CERTYFIKAT-ETYKI-2022-1\" data-e-action-hash=\"#elementor-action%3Aaction%3Dlightbox%26settings%3DeyJpZCI6OTA0LCJ1cmwiOiJodHRwczpcL1wvaS1ycy5wbFwvd3AtY29udGVudFwvdXBsb2Fkc1wvMjAyMlwvMTBcL0NFUlRZRklLQVQtRVRZS0ktMjAyMi0xLmpwZyIsInNsaWRlc2hvdyI6IjM2YTcwZjMifQ%3D%3D\" href=\"https:\/\/i-rs.pl\/wp-content\/uploads\/2022\/10\/CERTYFIKAT-ETYKI-2022-1.jpg\"><figure class=\"swiper-slide-inner\"><img decoding=\"async\" class=\"swiper-slide-image\" src=\"https:\/\/i-rs.pl\/wp-content\/uploads\/2022\/10\/CERTYFIKAT-ETYKI-2022-1-768x1086.jpg\" alt=\"CERTYFIKAT-ETYKI-2022-1\" \/><\/figure><\/a><\/div><div class=\"swiper-slide\" role=\"group\" aria-roledescription=\"slide\" aria-label=\"2 of 8\"><a data-elementor-open-lightbox=\"yes\" data-elementor-lightbox-slideshow=\"36a70f3\" data-elementor-lightbox-title=\"CERTYFIKAT WIARYGODNA FIRMA\" data-e-action-hash=\"#elementor-action%3Aaction%3Dlightbox%26settings%3DeyJpZCI6OTAzLCJ1cmwiOiJodHRwczpcL1wvaS1ycy5wbFwvd3AtY29udGVudFwvdXBsb2Fkc1wvMjAyMlwvMTBcL0NFUlRZRklLQVQtV0lBUllHT0ROQS1GSVJNQS5wbmciLCJzbGlkZXNob3ciOiIzNmE3MGYzIn0%3D\" href=\"https:\/\/i-rs.pl\/wp-content\/uploads\/2022\/10\/CERTYFIKAT-WIARYGODNA-FIRMA.png\"><figure class=\"swiper-slide-inner\"><img decoding=\"async\" class=\"swiper-slide-image\" src=\"https:\/\/i-rs.pl\/wp-content\/uploads\/2022\/10\/CERTYFIKAT-WIARYGODNA-FIRMA.png\" alt=\"CERTYFIKAT WIARYGODNA FIRMA\" \/><\/figure><\/a><\/div><div class=\"swiper-slide\" role=\"group\" aria-roledescription=\"slide\" aria-label=\"3 of 8\"><a data-elementor-open-lightbox=\"yes\" data-elementor-lightbox-slideshow=\"36a70f3\" data-elementor-lightbox-title=\"III miejsce RZEPA NOWE PRAWO CERTYFIKAT\" data-e-action-hash=\"#elementor-action%3Aaction%3Dlightbox%26settings%3DeyJpZCI6OTA1LCJ1cmwiOiJodHRwczpcL1wvaS1ycy5wbFwvd3AtY29udGVudFwvdXBsb2Fkc1wvMjAyMlwvMTBcL0lJSS1taWVqc2NlLVJaRVBBLU5PV0UtUFJBV08tQ0VSVFlGSUtBVC5qcGciLCJzbGlkZXNob3ciOiIzNmE3MGYzIn0%3D\" href=\"https:\/\/i-rs.pl\/wp-content\/uploads\/2022\/10\/III-miejsce-RZEPA-NOWE-PRAWO-CERTYFIKAT.jpg\"><figure class=\"swiper-slide-inner\"><img decoding=\"async\" class=\"swiper-slide-image\" src=\"https:\/\/i-rs.pl\/wp-content\/uploads\/2022\/10\/III-miejsce-RZEPA-NOWE-PRAWO-CERTYFIKAT-768x517.jpg\" alt=\"III miejsce RZEPA NOWE PRAWO CERTYFIKAT\" \/><\/figure><\/a><\/div><div class=\"swiper-slide\" role=\"group\" aria-roledescription=\"slide\" aria-label=\"4 of 8\"><a data-elementor-open-lightbox=\"yes\" data-elementor-lightbox-slideshow=\"36a70f3\" data-elementor-lightbox-title=\"02b882f5-a06d-490c-8210-c4861fc0945f\" data-e-action-hash=\"#elementor-action%3Aaction%3Dlightbox%26settings%3DeyJpZCI6MjM0OSwidXJsIjoiaHR0cHM6XC9cL2ktcnMucGxcL3dwLWNvbnRlbnRcL3VwbG9hZHNcLzIwMjJcLzEwXC8wMmI4ODJmNS1hMDZkLTQ5MGMtODIxMC1jNDg2MWZjMDk0NWYtMS5wbmciLCJzbGlkZXNob3ciOiIzNmE3MGYzIn0%3D\" href=\"https:\/\/i-rs.pl\/wp-content\/uploads\/2022\/10\/02b882f5-a06d-490c-8210-c4861fc0945f-1.png\"><figure class=\"swiper-slide-inner\"><img decoding=\"async\" class=\"swiper-slide-image\" src=\"https:\/\/i-rs.pl\/wp-content\/uploads\/2022\/10\/02b882f5-a06d-490c-8210-c4861fc0945f-1-768x543.png\" alt=\"02b882f5-a06d-490c-8210-c4861fc0945f\" \/><\/figure><\/a><\/div><div class=\"swiper-slide\" role=\"group\" aria-roledescription=\"slide\" aria-label=\"5 of 8\"><a data-elementor-open-lightbox=\"yes\" data-elementor-lightbox-slideshow=\"36a70f3\" data-elementor-lightbox-title=\"CERTYFIKAT 2023\" data-e-action-hash=\"#elementor-action%3Aaction%3Dlightbox%26settings%3DeyJpZCI6NDIyMSwidXJsIjoiaHR0cHM6XC9cL2ktcnMucGxcL3dwLWNvbnRlbnRcL3VwbG9hZHNcLzIwMjNcLzAzXC9DRVJUWUZJS0FULTIwMjMtc2NhbGVkLmpwZyIsInNsaWRlc2hvdyI6IjM2YTcwZjMifQ%3D%3D\" href=\"https:\/\/i-rs.pl\/wp-content\/uploads\/2023\/03\/CERTYFIKAT-2023-scaled.jpg\"><figure class=\"swiper-slide-inner\"><img decoding=\"async\" class=\"swiper-slide-image\" src=\"https:\/\/i-rs.pl\/wp-content\/uploads\/2023\/03\/CERTYFIKAT-2023-768x1086.jpg\" alt=\"CERTYFIKAT 2023\" \/><\/figure><\/a><\/div><div class=\"swiper-slide\" role=\"group\" aria-roledescription=\"slide\" aria-label=\"6 of 8\"><a data-elementor-open-lightbox=\"yes\" data-elementor-lightbox-slideshow=\"36a70f3\" data-elementor-lightbox-title=\"Certyfikat wiarygodno\u015bci_Kancelaria Radc\u00f3w Prawnych Ryszewski, Szubierajski sp. k._2023-04-04\" data-e-action-hash=\"#elementor-action%3Aaction%3Dlightbox%26settings%3DeyJpZCI6NDI1MywidXJsIjoiaHR0cHM6XC9cL2ktcnMucGxcL3dwLWNvbnRlbnRcL3VwbG9hZHNcLzIwMjNcLzA0XC9DZXJ0eWZpa2F0LXdpYXJ5Z29kbm9zY2lfS2FuY2VsYXJpYS1SYWRjb3ctUHJhd255Y2gtUnlzemV3c2tpLVN6dWJpZXJhanNraS1zcC4tay5fMjAyMy0wNC0wNC1zY2FsZWQuanBnIiwic2xpZGVzaG93IjoiMzZhNzBmMyJ9\" href=\"https:\/\/i-rs.pl\/wp-content\/uploads\/2023\/04\/Certyfikat-wiarygodnosci_Kancelaria-Radcow-Prawnych-Ryszewski-Szubierajski-sp.-k._2023-04-04-scaled.jpg\"><figure class=\"swiper-slide-inner\"><img decoding=\"async\" class=\"swiper-slide-image\" src=\"https:\/\/i-rs.pl\/wp-content\/uploads\/2023\/04\/Certyfikat-wiarygodnosci_Kancelaria-Radcow-Prawnych-Ryszewski-Szubierajski-sp.-k._2023-04-04-768x1086.jpg\" alt=\"Certyfikat wiarygodno\u015bci_Kancelaria Radc\u00f3w Prawnych Ryszewski, Szubierajski sp. k._2023-04-04\" \/><\/figure><\/a><\/div><div class=\"swiper-slide\" role=\"group\" aria-roledescription=\"slide\" aria-label=\"7 of 8\"><a data-elementor-open-lightbox=\"yes\" data-elementor-lightbox-slideshow=\"36a70f3\" data-elementor-lightbox-title=\"CERTYFIKAT ETYKI 2024\" data-e-action-hash=\"#elementor-action%3Aaction%3Dlightbox%26settings%3DeyJpZCI6NDg5NiwidXJsIjoiaHR0cHM6XC9cL2ktcnMucGxcL3dwLWNvbnRlbnRcL3VwbG9hZHNcLzIwMjRcLzA0XC9DRVJUWUZJS0FULUVUWUtJLTIwMjQtc2NhbGVkLmpwZyIsInNsaWRlc2hvdyI6IjM2YTcwZjMifQ%3D%3D\" href=\"https:\/\/i-rs.pl\/wp-content\/uploads\/2024\/04\/CERTYFIKAT-ETYKI-2024-scaled.jpg\"><figure class=\"swiper-slide-inner\"><img decoding=\"async\" class=\"swiper-slide-image\" src=\"https:\/\/i-rs.pl\/wp-content\/uploads\/2024\/04\/CERTYFIKAT-ETYKI-2024-768x1086.jpg\" alt=\"CERTYFIKAT ETYKI 2024\" \/><\/figure><\/a><\/div><div class=\"swiper-slide\" role=\"group\" aria-roledescription=\"slide\" aria-label=\"8 of 8\"><a data-elementor-open-lightbox=\"yes\" data-elementor-lightbox-slideshow=\"36a70f3\" data-elementor-lightbox-title=\"Lider windykacji\" data-e-action-hash=\"#elementor-action%3Aaction%3Dlightbox%26settings%3DeyJpZCI6NDkzNCwidXJsIjoiaHR0cHM6XC9cL2ktcnMucGxcL3dwLWNvbnRlbnRcL3VwbG9hZHNcLzIwMjRcLzA0XC9MaWRlci13aW5keWthY2ppLmpwZyIsInNsaWRlc2hvdyI6IjM2YTcwZjMifQ%3D%3D\" href=\"https:\/\/i-rs.pl\/wp-content\/uploads\/2024\/04\/Lider-windykacji.jpg\"><figure class=\"swiper-slide-inner\"><img decoding=\"async\" class=\"swiper-slide-image\" src=\"https:\/\/i-rs.pl\/wp-content\/uploads\/2024\/04\/Lider-windykacji-768x172.jpg\" alt=\"Lider windykacji\" \/><\/figure><\/a><\/div>\t\t\t<\/div>\n\t\t\t\t\t\t\t\t\t\t\t\t<div class=\"elementor-swiper-button elementor-swiper-button-prev\" role=\"button\" tabindex=\"0\">\n\t\t\t\t\t\t<i aria-hidden=\"true\" class=\"eicon-chevron-left\"><\/i>\t\t\t\t\t<\/div>\n\t\t\t\t\t<div class=\"elementor-swiper-button elementor-swiper-button-next\" role=\"button\" tabindex=\"0\">\n\t\t\t\t\t\t<i aria-hidden=\"true\" class=\"eicon-chevron-right\"><\/i>\t\t\t\t\t<\/div>\n\t\t\t\t\n\t\t\t\t\t\t\t\t\t<div class=\"swiper-pagination\"><\/div>\n\t\t\t\t\t\t\t\t\t<\/div>\n\t\t\t\t\t\t<\/div>\n\t\t\t\t<\/div>\n\t\t\t\t\t<\/div>\n\t\t<\/div>\n\t\t\t\t\t<\/div>\n\t\t<\/section>\n\t\t\t\t<\/div>","protected":false},"excerpt":{"rendered":"<p>Standaryzacja i certyfikaty Jako\u015b\u0107 oparta na standardach Naszym priorytetem jest nieustanne podnoszenie jako\u015bci \u015bwiadczonych us\u0142ug \u2013 dlatego wraz z ca\u0142ym zespo\u0142em &nbsp;adwokat\u00f3w i radc\u00f3w prawnych tworz\u0105cych Kancelari\u0119 do\u0142\u0105czamy do renomowanych program\u00f3w. Kancelaria w 2025 roku po raz kolejny uzyska\u0142a Certyfikat Etyki przyznawany przez Zwi\u0105zek Przedsi\u0119biorstw Finansowych w Polsce. Znale\u017ali\u015bmy si\u0119 w zaszczytnym gronie firm, kt\u00f3re [&hellip;]<\/p>\n","protected":false},"author":3,"featured_media":4221,"parent":0,"menu_order":0,"comment_status":"closed","ping_status":"closed","template":"elementor_header_footer","meta":{"footnotes":""},"class_list":["post-1199","page","type-page","status-publish","has-post-thumbnail","hentry","entry","has-media"],"aioseo_notices":[],"_links":{"self":[{"href":"https:\/\/i-rs.pl\/en\/wp-json\/wp\/v2\/pages\/1199","targetHints":{"allow":["GET"]}}],"collection":[{"href":"https:\/\/i-rs.pl\/en\/wp-json\/wp\/v2\/pages"}],"about":[{"href":"https:\/\/i-rs.pl\/en\/wp-json\/wp\/v2\/types\/page"}],"author":[{"embeddable":true,"href":"https:\/\/i-rs.pl\/en\/wp-json\/wp\/v2\/users\/3"}],"replies":[{"embeddable":true,"href":"https:\/\/i-rs.pl\/en\/wp-json\/wp\/v2\/comments?post=1199"}],"version-history":[{"count":77,"href":"https:\/\/i-rs.pl\/en\/wp-json\/wp\/v2\/pages\/1199\/revisions"}],"predecessor-version":[{"id":5348,"href":"https:\/\/i-rs.pl\/en\/wp-json\/wp\/v2\/pages\/1199\/revisions\/5348"}],"wp:featuredmedia":[{"embeddable":true,"href":"https:\/\/i-rs.pl\/en\/wp-json\/wp\/v2\/media\/4221"}],"wp:attachment":[{"href":"https:\/\/i-rs.pl\/en\/wp-json\/wp\/v2\/media?parent=1199"}],"curies":[{"name":"wp","href":"https:\/\/api.w.org\/{rel}","templated":true}]}}